{"id":9,"date":"2018-10-09T16:33:48","date_gmt":"2018-10-09T19:33:48","guid":{"rendered":"https:\/\/letrasjapones.ufpr.br\/?page_id=9"},"modified":"2024-10-30T14:03:17","modified_gmt":"2024-10-30T17:03:17","slug":"extensao","status":"publish","type":"page","link":"https:\/\/letrasjapones.ufpr.br\/?page_id=9","title":{"rendered":"Extens\u00e3o, PVA e IC"},"content":{"rendered":"\n<p>A Extens\u00e3o Universit\u00e1ria \u00e9 um processo interdisciplinar, educativo, cultural, cient\u00edfico e pol\u00edtico, que promove a intera\u00e7\u00e3o transformadora entre a Universidade e outros setores da sociedade. Deve estar integrada ao ensino e \u00e0 pesquisa e colaborar com a forma\u00e7\u00e3o cidad\u00e3 e profissional das e dos estudantes. <\/p>\n\n\n\n<p><br>A Extens\u00e3o Universit\u00e1ria pode ser desenvolvida sob a forma de Programa, Projeto, Curso, Evento ou Presta\u00e7\u00e3o de Servi\u00e7o Extensionista, pela atua\u00e7\u00e3o de docentes, estudantes, t\u00e9cnicas e t\u00e9cnicos administrativos e por colaboradores de fora da Universidade.<\/p>\n\n\n\n<p>Para fins de sua institucionaliza\u00e7\u00e3o, todas as atividades de Extens\u00e3o Universit\u00e1ria dever\u00e3o ser registradas na Pr\u00f3-Reitoria de Extens\u00e3o e Cultura (PROEC), atrav\u00e9s do&nbsp;<a href=\"https:\/\/extensao.ufpr.br\/private\/index.jsf\" target=\"_blank\" rel=\"noreferrer noopener\">EXTENS\u00c3O<\/a>, de acordo com o que est\u00e1 estabelecido na&nbsp;<a href=\"http:\/\/www.soc.ufpr.br\/portal\/wp-content\/uploads\/2020\/03\/Resolu%C3%A7%C3%A3o-n%C2%BA-57.19-CEPE.pdf\" target=\"_blank\" rel=\"noreferrer noopener\">Resolu\u00e7\u00e3o n\u00b057\/19 &#8211; CEPE\/UFPR.<\/a><\/p>\n\n\n\n<p>As pessoas interessadas em participar de alguma atividade de Extens\u00e3o podem fazer uma busca pelo&nbsp;<a rel=\"noreferrer noopener\" href=\"https:\/\/transparencia.ufpr.br\/public\/dadosAcademicos\/extensao.jsf\" target=\"_blank\">Portal de dados abertos<\/a>, tendo acesso ao contato com a coordena\u00e7\u00e3o da atividade.<\/p>\n\n\n\n<p>Site do CAEX da UFPR:<\/p>\n\n\n\n<p>http:\/\/www.proec.ufpr.br\/links\/extensao\/normatizacoes.html<\/p>\n\n\n\n<p><\/p>\n\n\n\n<h2 class=\"wp-block-heading\">Programa de Voluntariado Acad\u00eamico &#8211; PVA <\/h2>\n\n\n\n<p><strong><u>APRESENTA\u00c7\u00c3O:<\/u><\/strong><\/p>\n\n\n\n<p>O Programa de Voluntariado Acad\u00eamico visa oportunizar a participa\u00e7\u00e3o do corpo discente em atividades acad\u00eamicas de natureza educacional e cient\u00edfica, sob a orienta\u00e7\u00e3o de um (a) Professor (a),&nbsp;<strong>no \u00e2mbito da Universidade Federal do Paran\u00e1<\/strong>. A participa\u00e7\u00e3o do (a) estudante no PVA \u00e9 regulamentada pela&nbsp;<strong>Resolu\u00e7\u00e3o n. 76\/09 \u2013 CEPE<\/strong>&nbsp;e n\u00e3o gera v\u00ednculo empregat\u00edcio, obriga\u00e7\u00f5es trabalhistas, previdenci\u00e1rias ou afins, conforme a legisla\u00e7\u00e3o em vigor.<\/p>\n\n\n\n<p><strong>Podem participar do Programa de Voluntariado Acad\u00eamico os (as) alunos (as) regularmente matriculados (as) em cursos de gradua\u00e7\u00e3o ou profissionalizantes da UFPR<\/strong>. O hor\u00e1rio destinado \u00e0s atividades do programa n\u00e3o poder\u00e1, em hip\u00f3tese alguma, coincidir com a grade hor\u00e1ria a ser cumprida nas disciplinas em que o (a) discente estiver matriculado (a). A participa\u00e7\u00e3o do (a) estudante no PVA, comprovada mediante certifica\u00e7\u00e3o, ser\u00e1 considerada como atividade formativa complementar, desde que haja previs\u00e3o para tanto no projeto pedag\u00f3gico do seu respectivo curso.<\/p>\n\n\n\n<p>Na estrita dic\u00e7\u00e3o da Resolu\u00e7\u00e3o n. 76\/09 \u2013 CEPE, em seu Art. 3\u00ba: \u201cA participa\u00e7\u00e3o do aluno no Programa de Voluntariado Acad\u00eamico poder\u00e1 ter a dura\u00e7\u00e3o de at\u00e9 1 (um) ano, com carga hor\u00e1ria m\u00e1xima de 12 horas semanais, podendo ser prorrogada por no m\u00e1ximo mais 1(um) ano, mediante assinatura de novo Termo de Ades\u00e3o.\u201d<\/p>\n\n\n\n<p>A inscri\u00e7\u00e3o do (a) discente no Programa de Voluntariado Acad\u00eamico dar-se-\u00e1 por meio da assinatura eletr\u00f4nica do&nbsp;<strong>TERMO DE ADES\u00c3O<\/strong>, o qual contemplar\u00e1, dentre outras informa\u00e7\u00f5es pertinentes, o Plano de Atividades a ser executado, o per\u00edodo de vig\u00eancia, bem como a carga hor\u00e1ria semanal a ser dedicada neste prop\u00f3sito. A COAFE\/PROGRAD dever\u00e1 analisar o Termo de Ades\u00e3o submetido e, se achado em tudo conforme, aprov\u00e1-lo mediante emiss\u00e3o de despacho decis\u00f3rio de deferimento no \u00e2mbito do processo eletr\u00f4nico correlato.<\/p>\n\n\n\n<p>Ao final das atividades, docente e discente ter\u00e3o direito \u00e0&nbsp;<strong>certifica\u00e7\u00e3o<\/strong>, mediante o preenchimento, assinatura e tramita\u00e7\u00e3o do&nbsp;<strong>RELAT\u00d3RIO FINAL<\/strong>&nbsp;de atividades \u00e0 COAFE\/PROGRAD (UFPR\/R\/PROGRAD\/COAFE).<\/p>\n\n\n\n<p>Se houver desligamento antecipado do programa, portanto antes do t\u00e9rmino do per\u00edodo de vig\u00eancia contemplado no Termo de Ades\u00e3o, dever\u00e1 ser preenchido, assinado e tramitado \u00e0 COAFE\/PROGRAD (UFPR\/R\/PROGRAD\/COAFE) o&nbsp;<strong>TERMO DE RESCIS\u00c3O<\/strong>.<\/p>\n\n\n\n<p><strong>Todos os formul\u00e1rios (PROGRAD: PVA \u2013 TERMO DE ADES\u00c3O, PROGRAD: PVA \u2013 TERMO DE RESCIS\u00c3O e PROGRAD: PVA \u2013 RELAT\u00d3RIO FINAL) est\u00e3o dispon\u00edveis no SEI.<\/strong><\/p>\n\n\n\n<p><strong><u>PROCEDIMENTOS PARA INGRESSO NO PVA:<\/u><\/strong><\/p>\n\n\n\n<p><strong>1.<\/strong>&nbsp;O (a) Professor (a) Orientador (a) dever\u00e1 abrir o processo eletronicamente no SEI como&nbsp;<strong>P\u00daBLICO<\/strong>. Em seguida, inserir o TERMO DE ADES\u00c3O com o n\u00edvel de acesso<strong>&nbsp;RESTRITO<\/strong>&nbsp;e hip\u00f3tese LGPD (Lei n\u00ba 13.709), cujo formul\u00e1rio est\u00e1 dispon\u00edvel no SEI em PROGRAD: PVA \u2013 TERMO DE ADES\u00c3O.<\/p>\n\n\n\n<p><strong>2.<\/strong>&nbsp;O TERMO DE ADES\u00c3O, uma vez preenchido, dever\u00e1 necessariamente receber as assinaturas eletr\u00f4nicas do (a):<\/p>\n\n\n\n<p><strong>2.1<\/strong>&nbsp;Professor (a) Orientador (a);<\/p>\n\n\n\n<p><strong>2.2<\/strong>&nbsp;Discente volunt\u00e1rio (a) acad\u00eamico (a);<\/p>\n\n\n\n<p><strong>2.3&nbsp;<\/strong>Coordenador (a) ou vice-coordenador (a) do curso no qual o (a) discente volunt\u00e1rio (a) acad\u00eamico (a) est\u00e1 matriculado (a);<\/p>\n\n\n\n<p><strong>2.4<\/strong>&nbsp;Respons\u00e1vel pela unidade proponente. De regra, o (a) Chefe do Departamento de lota\u00e7\u00e3o do (a) Professor (a) Orientador (a) ou unidade equivalente.<\/p>\n\n\n\n<p><strong>3.<\/strong>&nbsp;Cumpridas as etapas supra elencadas, o processo eletr\u00f4nico contendo o TERMO DE ADES\u00c3O dever\u00e1 ser tramitado para&nbsp;<strong>UFPR\/R\/PROGRAD\/COAFE<\/strong>, obrigatoriamente em data anterior a do in\u00edcio do per\u00edodo de vig\u00eancia estampado no termo, com vistas ao deferimento administrativo pela COAFE\/PROGRAD.<\/p>\n\n\n\n<p><strong>Em observ\u00e2ncia ao disposto no Art. 8\u00ba, \u00a72\u00ba, da Resolu\u00e7\u00e3o n. 76\/09 \u2013 CEPE, n\u00e3o ser\u00e3o realizados cadastros com datas retroativas nem reconhecidas,<em><strong><em>&nbsp;a posteriori<\/em><\/strong><\/em>, participa\u00e7\u00f5es n\u00e3o homologadas previamente pela referida unidade administrativa.<\/strong><\/p>\n\n\n\n<p><strong><u>RESOLU\u00c7\u00d5ES:<\/u><\/strong><\/p>\n\n\n\n<p><a href=\"http:\/\/www.prograd.ufpr.br\/portal\/copeg\/wp-content\/uploads\/sites\/3\/2013\/08\/RESOLU%C3%87%C3%83O-76.09-CEPE.pdf\">RESOLU\u00c7\u00c3O 76\/09 \u2013 CEPE<\/a><\/p>\n\n\n\n<p><a href=\"http:\/\/www.prograd.ufpr.br\/portal\/copeg\/wp-content\/uploads\/sites\/3\/2013\/08\/Resolucao_n__27_17_CEPE.pdf\">RESOLU\u00c7\u00c3O\u00a027\/17 \u2013 CEPE<\/a><\/p>\n\n\n\n<p>Link do Site: http:\/\/www.prograd.ufpr.br\/portal\/coafe\/uaf\/pva\/<\/p>\n\n\n\n<p><\/p>\n\n\n\n<h2 class=\"wp-block-heading\">Inicia\u00e7\u00e3o Cient\u00edfica &#8211; IC <\/h2>\n\n\n\n<p>As bolsas de Inicia\u00e7\u00e3o Cient\u00edfica no Brasil surgiram no ano de 1951, desde a cria\u00e7\u00e3o do Conselho Nacional de Desenvolvimento Cient\u00edfico e Tecnol\u00f3gico \u2013 CNPq.<\/p>\n\n\n\n<p>Na Universidade Federal do Paran\u00e1 o Programa de Inicia\u00e7\u00e3o Cient\u00edfica, gerenciado pela Pr\u00f3-Reitoria de Pesquisa e P\u00f3s-Gradua\u00e7\u00e3o, foi criado no ano de 1991, com a oferta de 150 bolsas provenientes do CNPq.<\/p>\n\n\n\n<p>A partir de sua cria\u00e7\u00e3o, o Programa de Inicia\u00e7\u00e3o Cient\u00edfica da UFPR vem paulatinamente sendo modernizado com avan\u00e7os, na cria\u00e7\u00e3o de novos Programas Institucionais de Bolsas, realiza\u00e7\u00e3o de Evento Cient\u00edfico.<\/p>\n\n\n\n<p>Apesar da sua sede principal estar situada na Capital do Estado do Paran\u00e1, Curitiba, a UFPR mant\u00e9m 12 campi universit\u00e1rios que se estendem por 13 munic\u00edpios. Suas unidades est\u00e3o presentes na Regi\u00e3o Metropolitana de Curitiba, nas cidades de Pinhais e Piraquara; no litoral do Estado, e no interior do Paran\u00e1 nas cidades de Palotina, Jandaia do Sul e Toledo; e tem um papel essencial no desenvolvimento socioecon\u00f4mico e na qualidade de vida dos paranaenses.<\/p>\n\n\n\n<p>Al\u00e9m da possibilidade de acesso \u00e0 educa\u00e7\u00e3o superior e das atividades desempenhadas pela comunidade acad\u00eamica, a Universidade possibilita o contato da comunidade estudantil com as atividades de pesquisa e extens\u00e3o, e promove uma distribui\u00e7\u00e3o cosmopolita de m\u00e3o de obra qualificada n\u00e3o s\u00f3 ao com\u00e9rcio e ind\u00fastrias locais, mas tamb\u00e9m aos demais centros de estudos e universit\u00e1rios do Estado do Paran\u00e1.<\/p>\n\n\n\n<p>O estatuto da UFPR descreve regras fundamentais de organiza\u00e7\u00e3o e funcionamento que versam:<\/p>\n\n\n\n<p>Art. 2o A Universidade Federal do Paran\u00e1, adotando m\u00e9todos de funcionamento que preservem a unidade de suas fun\u00e7\u00f5es de Ensino e Pesquisa (\u2026) destina-se a:<\/p>\n\n\n\n<p>1. Promover a educa\u00e7\u00e3o, o ensino e o desenvolvimento tecnol\u00f3gico e a cultura filos\u00f3fica, cient\u00edfica, liter\u00e1ria e art\u00edstica;<\/p>\n\n\n\n<p>2. Formar profissionais, t\u00e9cnicos e cientistas;<\/p>\n\n\n\n<p>3. Contribuir para a solu\u00e7\u00e3o dos problemas de interesse da comunidade sob a forma de cursos, estudos e servi\u00e7os; e<\/p>\n\n\n\n<p>4. Desenvolver a pesquisa nas v\u00e1rias \u00e1reas de conhecimento.<\/p>\n\n\n\n<p>Link para o site institucional: https:\/\/www.prppg.ufpr.br\/site\/pb\/ic\/programa\/<\/p>\n\n\n\n<p><strong>Edital &#8211; Programas Contemplados com bolsa &#8211; PIBIC <\/strong><\/p>\n\n\n\n<div class=\"wp-block-file\"><object class=\"wp-block-file__embed\" data=\"https:\/\/letrasjapones.ufpr.br\/wp-content\/uploads\/2024\/10\/classificacaopibicposrecursos.pdf\" type=\"application\/pdf\" style=\"width:100%;height:600px\" aria-label=\"Incorporado de classificacaopibicposrecursos.\"><\/object><a id=\"wp-block-file--media-929257d4-4a5a-47d1-801f-5e7e3d16fdb0\" href=\"https:\/\/letrasjapones.ufpr.br\/wp-content\/uploads\/2024\/10\/classificacaopibicposrecursos.pdf\">classificacaopibicposrecursos<\/a><a href=\"https:\/\/letrasjapones.ufpr.br\/wp-content\/uploads\/2024\/10\/classificacaopibicposrecursos.pdf\" class=\"wp-block-file__button wp-element-button\" download aria-describedby=\"wp-block-file--media-929257d4-4a5a-47d1-801f-5e7e3d16fdb0\">Baixar<\/a><\/div>\n","protected":false},"excerpt":{"rendered":"<p>A Extens\u00e3o Universit\u00e1ria \u00e9 um processo interdisciplinar, educativo, cultural, cient\u00edfico e pol\u00edtico, que promove a intera\u00e7\u00e3o transformadora entre a Universidade e outros setores da sociedade. Deve estar integrada ao ensino e \u00e0 pesquisa e colaborar com a forma\u00e7\u00e3o cidad\u00e3 e profissional das e dos estudantes. A Extens\u00e3o Universit\u00e1ria pode ser desenvolvida sob a forma de [&hellip;]<\/p>\n","protected":false},"author":1,"featured_media":0,"parent":0,"menu_order":0,"comment_status":"closed","ping_status":"closed","template":"page-extensao.php","meta":{"footnotes":""},"_links":{"self":[{"href":"https:\/\/letrasjapones.ufpr.br\/index.php?rest_route=\/wp\/v2\/pages\/9"}],"collection":[{"href":"https:\/\/letrasjapones.ufpr.br\/index.php?rest_route=\/wp\/v2\/pages"}],"about":[{"href":"https:\/\/letrasjapones.ufpr.br\/index.php?rest_route=\/wp\/v2\/types\/page"}],"author":[{"embeddable":true,"href":"https:\/\/letrasjapones.ufpr.br\/index.php?rest_route=\/wp\/v2\/users\/1"}],"replies":[{"embeddable":true,"href":"https:\/\/letrasjapones.ufpr.br\/index.php?rest_route=%2Fwp%2Fv2%2Fcomments&post=9"}],"version-history":[{"count":6,"href":"https:\/\/letrasjapones.ufpr.br\/index.php?rest_route=\/wp\/v2\/pages\/9\/revisions"}],"predecessor-version":[{"id":404,"href":"https:\/\/letrasjapones.ufpr.br\/index.php?rest_route=\/wp\/v2\/pages\/9\/revisions\/404"}],"wp:attachment":[{"href":"https:\/\/letrasjapones.ufpr.br\/index.php?rest_route=%2Fwp%2Fv2%2Fmedia&parent=9"}],"curies":[{"name":"wp","href":"https:\/\/api.w.org\/{rel}","templated":true}]}}