{"id":85,"date":"2018-10-10T21:54:04","date_gmt":"2018-10-11T00:54:04","guid":{"rendered":"https:\/\/letrasjapones.ufpr.br\/?page_id=85"},"modified":"2024-10-30T17:00:57","modified_gmt":"2024-10-30T20:00:57","slug":"links","status":"publish","type":"page","link":"https:\/\/letrasjapones.ufpr.br\/?page_id=85","title":{"rendered":"LINKS"},"content":{"rendered":"<h3><strong>Setor de Ci\u00eancias Humanas UFPR<\/strong><\/h3>\n<p><a href=\"http:\/\/www.humanas.ufpr.br\/portal\/\">http:\/\/www.humanas.ufpr.br\/portal\/<\/a><\/p>\n<h3><strong>Departamento de Letras Estrangeiras Modernas<\/strong><\/h3>\n<p><a href=\"http:\/\/www.delem.ufpr.br\">http:\/\/www.delem.ufpr.br<\/a><\/p>\n<h3>CPA &#8211; Comiss\u00e3o pr\u00f3pria de avalia\u00e7\u00e3o &#8211; Resultado da avalia\u00e7\u00e3o dos Cursos &#8211; 2022\u00a0<\/h3>\n<p><a href=\"https:\/\/cpa.ufpr.br\/calendario-academico-2022-resultados-avaliacao-de-cursos\/\">https:\/\/cpa.ufpr.br\/calendario-academico-2022-resultados-avaliacao-de-cursos\/<\/a><\/p>\n<h3>Instagram &#8211; Letras Japon\u00eas\u00a0<\/h3>\n<p><a href=\"http:\/\/@japones_ufpr\">@japones_ufpr<\/a><\/p>\n<h3>Centro Acad\u00eamico de Letras &#8211; CAL<\/h3>\n<p><a href=\"http:\/\/@calufpr\">@calufpr<\/a><\/p>\n<h3>PDI da UFPR (Plano de desenvolvimento institucional) &#8211; 2022 &#8211; 2026\u00a0<\/h3>\n<p><a href=\"https:\/\/ufpr.br\/ufpr-divulga-plano-de-desenvolvimento-institucional-pdi-2022-2026\/\">https:\/\/ufpr.br\/ufpr-divulga-plano-de-desenvolvimento-institucional-pdi-2022-2026\/<\/a><\/p>\n<h3>Pr\u00f3-Reitoria de Assuntos Estudantis &#8211; PRAE\u00a0<\/h3>\n<p><a href=\"https:\/\/prae.ufpr.br\/\">https:\/\/prae.ufpr.br\/<\/a><\/p>\n<p>PROBEM<\/p>\n<p><a href=\"https:\/\/prae.ufpr.br\/programas-da-prae\/probem\/\">https:\/\/prae.ufpr.br\/programas-da-prae\/probem\/<\/a><\/p>\n<h3>N\u00facleo Docente Estruturante<\/h3>\n<p><a href=\"http:\/\/www.humanas.ufpr.br\/portal\/letrasgraduacao\/graduacao\/nde\/\">http:\/\/www.humanas.ufpr.br\/portal\/letrasgraduacao\/graduacao\/nde\/<\/a><\/p>\n<h3>Plano de A\u00e7\u00e3o \/ Planejamento Estrat\u00e9gico do DELEM\u00a0<\/h3>\n<p><a href=\"https:\/\/delem.ufpr.br\/wp-content\/uploads\/2021\/12\/PLANEJAMENTO-ESTRATEGICO-DELEM.pdf\">https:\/\/delem.ufpr.br\/wp-content\/uploads\/2021\/12\/PLANEJAMENTO-ESTRATEGICO-DELEM.pdf<\/a><\/p>\n<h3><strong>Restaurante Universit\u00e1rio &#8211; RU &#8211; Reitoria\u00a0<\/strong><\/h3>\n<p><a href=\"https:\/\/pra.ufpr.br\/ru\/cardapio-2\/\">https:\/\/pra.ufpr.br\/ru\/cardapio-2\/<\/a><\/p>\n<h3>Portal do Aluno UFPR\u00a0<\/h3>\n<p><a href=\"https:\/\/ufpr.br\/portal-do-aluno\/\">https:\/\/ufpr.br\/portal-do-aluno\/<\/a><\/p>\n<h3>Hor\u00e1rios dos \u00f4nibus do INTERCAMPI\u00a0<\/h3>\n<p><a href=\"https:\/\/pra.ufpr.br\/centran\/files\/2024\/04\/4-linhas-intercampiEXTRAFerias-1.pdf\">https:\/\/pra.ufpr.br\/centran\/files\/2024\/04\/4-linhas-intercampiEXTRAFerias-1.pdf<\/a><\/p>\n\n\n<div class=\"wp-block-file\"><object class=\"wp-block-file__embed\" data=\"https:\/\/letrasjapones.ufpr.br\/wp-content\/uploads\/2024\/10\/Intercampi.pdf\" type=\"application\/pdf\" style=\"width:100%;height:600px\" aria-label=\"Incorporado de Intercampi.\"><\/object><a id=\"wp-block-file--media-1c05e6d4-cbf8-4526-8416-ffdad1b9549b\" href=\"https:\/\/letrasjapones.ufpr.br\/wp-content\/uploads\/2024\/10\/Intercampi.pdf\">Intercampi<\/a><a href=\"https:\/\/letrasjapones.ufpr.br\/wp-content\/uploads\/2024\/10\/Intercampi.pdf\" class=\"wp-block-file__button wp-element-button\" download aria-describedby=\"wp-block-file--media-1c05e6d4-cbf8-4526-8416-ffdad1b9549b\">Baixar<\/a><\/div>\n\n\n\n<p><\/p>\n","protected":false},"excerpt":{"rendered":"<p>Setor de Ci\u00eancias Humanas UFPR http:\/\/www.humanas.ufpr.br\/portal\/ Departamento de Letras Estrangeiras Modernas http:\/\/www.delem.ufpr.br CPA &#8211; Comiss\u00e3o pr\u00f3pria de avalia\u00e7\u00e3o &#8211; Resultado da avalia\u00e7\u00e3o dos Cursos &#8211; 2022\u00a0 https:\/\/cpa.ufpr.br\/calendario-academico-2022-resultados-avaliacao-de-cursos\/ Instagram &#8211; Letras Japon\u00eas\u00a0 @japones_ufpr Centro Acad\u00eamico de Letras &#8211; CAL @calufpr PDI da UFPR (Plano de desenvolvimento institucional) &#8211; 2022 &#8211; 2026\u00a0 https:\/\/ufpr.br\/ufpr-divulga-plano-de-desenvolvimento-institucional-pdi-2022-2026\/ Pr\u00f3-Reitoria de Assuntos Estudantis [&hellip;]<\/p>\n","protected":false},"author":2,"featured_media":0,"parent":0,"menu_order":0,"comment_status":"closed","ping_status":"closed","template":"","meta":{"footnotes":""},"_links":{"self":[{"href":"https:\/\/letrasjapones.ufpr.br\/index.php?rest_route=\/wp\/v2\/pages\/85"}],"collection":[{"href":"https:\/\/letrasjapones.ufpr.br\/index.php?rest_route=\/wp\/v2\/pages"}],"about":[{"href":"https:\/\/letrasjapones.ufpr.br\/index.php?rest_route=\/wp\/v2\/types\/page"}],"author":[{"embeddable":true,"href":"https:\/\/letrasjapones.ufpr.br\/index.php?rest_route=\/wp\/v2\/users\/2"}],"replies":[{"embeddable":true,"href":"https:\/\/letrasjapones.ufpr.br\/index.php?rest_route=%2Fwp%2Fv2%2Fcomments&post=85"}],"version-history":[{"count":9,"href":"https:\/\/letrasjapones.ufpr.br\/index.php?rest_route=\/wp\/v2\/pages\/85\/revisions"}],"predecessor-version":[{"id":427,"href":"https:\/\/letrasjapones.ufpr.br\/index.php?rest_route=\/wp\/v2\/pages\/85\/revisions\/427"}],"wp:attachment":[{"href":"https:\/\/letrasjapones.ufpr.br\/index.php?rest_route=%2Fwp%2Fv2%2Fmedia&parent=85"}],"curies":[{"name":"wp","href":"https:\/\/api.w.org\/{rel}","templated":true}]}}