{"id":83,"date":"2018-10-10T21:54:04","date_gmt":"2018-10-11T00:54:04","guid":{"rendered":"https:\/\/letrasjapones.ufpr.br\/?page_id=83"},"modified":"2025-05-05T00:33:03","modified_gmt":"2025-05-05T03:33:03","slug":"contato","status":"publish","type":"page","link":"https:\/\/letrasjapones.ufpr.br\/?page_id=83","title":{"rendered":"CONTATO"},"content":{"rendered":"<h3><strong>Coordena\u00e7\u00e3o do Curso de Letras<\/strong><\/h3>\n<p>D. Pedro I &#8211; 9\u00ba andar &#8211; Reitoria &#8211; Rua General Carneiro<\/p>\n<p>Hor\u00e1rio de atendimento: 08h-20h<\/p>\n<p>E-mail:<a href=\"mailto:clet@ufpr.br\">clet@ufpr.br<\/a><\/p>\n<h4>Coordenador do Curso de Letras:<\/h4>\n<p>&#8211; Alessandro H. P. R. de Moura (DEPAC)<\/p>\n<h4>Vice-coordenadora do Curso de Letras:<\/h4>\n<p>&#8211; M\u00f4nica Setuyo Okamoto (DELEM)<\/p>\n<h4>Equipe do CLET:<\/h4>\n<p><img decoding=\"async\" loading=\"lazy\" class=\"alignnone size-medium wp-image-405\" src=\"https:\/\/letrasjapones.ufpr.br\/wp-content\/uploads\/2024\/10\/horarios-300x58.jpg\" alt=\"\" width=\"300\" height=\"58\" srcset=\"https:\/\/letrasjapones.ufpr.br\/wp-content\/uploads\/2024\/10\/horarios-300x58.jpg 300w, https:\/\/letrasjapones.ufpr.br\/wp-content\/uploads\/2024\/10\/horarios.jpg 573w\" sizes=\"(max-width: 300px) 100vw, 300px\" \/><\/p>\n<h2>\u00c1REA DE JAPON\u00caS<\/h2>\n<p>Instagram: @ufpr_japones<\/p>\n<p>Telefone: (041) 3360-5183<\/p>\n<p>Endere\u00e7o: Rua General Carneiro, 460, 10\u00ba andar, Sala 1023<br \/>\nCuritiba \u2013 PR \u2013 Brasil<br \/>\nCEP 80.060-150<\/p>\n<p>Representante de \u00c1rea:<\/p>\n<p>&#8211; M\u00f4nica Setuyo Okamoto &#8211; monica.okamoto@ufpr.br<\/p>\n<p>Suplente:<\/p>\n<p>&#8211; Luiz Maximiliano Santin Gardenal &#8211; luizgardenal@gmail.com<\/p>\n<p>&nbsp;<\/p>\n","protected":false},"excerpt":{"rendered":"<p>Coordena\u00e7\u00e3o do Curso de Letras D. Pedro I &#8211; 9\u00ba andar &#8211; Reitoria &#8211; Rua General Carneiro Hor\u00e1rio de atendimento: 08h-20h E-mail:clet@ufpr.br Coordenador do Curso de Letras: &#8211; Alessandro H. P. R. de Moura (DEPAC) Vice-coordenadora do Curso de Letras: &#8211; M\u00f4nica Setuyo Okamoto (DELEM) Equipe do CLET: \u00c1REA DE JAPON\u00caS Instagram: @ufpr_japones Telefone: (041) [&hellip;]<\/p>\n","protected":false},"author":2,"featured_media":0,"parent":0,"menu_order":0,"comment_status":"closed","ping_status":"closed","template":"","meta":{"footnotes":""},"_links":{"self":[{"href":"https:\/\/letrasjapones.ufpr.br\/index.php?rest_route=\/wp\/v2\/pages\/83"}],"collection":[{"href":"https:\/\/letrasjapones.ufpr.br\/index.php?rest_route=\/wp\/v2\/pages"}],"about":[{"href":"https:\/\/letrasjapones.ufpr.br\/index.php?rest_route=\/wp\/v2\/types\/page"}],"author":[{"embeddable":true,"href":"https:\/\/letrasjapones.ufpr.br\/index.php?rest_route=\/wp\/v2\/users\/2"}],"replies":[{"embeddable":true,"href":"https:\/\/letrasjapones.ufpr.br\/index.php?rest_route=%2Fwp%2Fv2%2Fcomments&post=83"}],"version-history":[{"count":5,"href":"https:\/\/letrasjapones.ufpr.br\/index.php?rest_route=\/wp\/v2\/pages\/83\/revisions"}],"predecessor-version":[{"id":444,"href":"https:\/\/letrasjapones.ufpr.br\/index.php?rest_route=\/wp\/v2\/pages\/83\/revisions\/444"}],"wp:attachment":[{"href":"https:\/\/letrasjapones.ufpr.br\/index.php?rest_route=%2Fwp%2Fv2%2Fmedia&parent=83"}],"curies":[{"name":"wp","href":"https:\/\/api.w.org\/{rel}","templated":true}]}}