{"id":7,"date":"2018-10-09T16:33:29","date_gmt":"2018-10-09T19:33:29","guid":{"rendered":"https:\/\/letrasjapones.ufpr.br\/?page_id=7"},"modified":"2024-10-30T11:43:15","modified_gmt":"2024-10-30T14:43:15","slug":"pesquisa","status":"publish","type":"page","link":"https:\/\/letrasjapones.ufpr.br\/?page_id=7","title":{"rendered":"Pesquisa"},"content":{"rendered":"\n<p>Publica\u00e7\u00f5es (Livros, artigos, etc.) do corpo docente da \u00e1rea de japon\u00eas da UFPR (2019 &#8211; 2024) <\/p>\n\n\n\n<p><strong><em>\u00c1rea de Literatura <\/em><\/strong><\/p>\n\n\n\n<p>DELGADO, M. A. ; ASSE, R. ; PAGANINI, M. ; LESLIE, C. ; NAMEKATA, M\u00e1rcia H. ; NAMEKATA, M\u00e1rcia H. . Contos de Y\u00f4kai: fantasmas do Jap\u00e3o. Londrina &#8211; PR: Florear Livros, 2021 (revis\u00e3o).<\/p>\n\n\n\n<p>FERNANDES, V. T. B. ; NAMEKATA, M\u00e1rcia H. ; NAMEKATA, M\u00e1rcia H. . O Ensaio na Literatura Japonesa: &#8220;Makura no S\u00f4shi&#8221; e &#8220;Tsurezuregusa&#8221;. In: Monica Setuyo Okamoto; Jos\u00e9 Carvalho Vanzelli. (Org.). Nipo-brasileiros: arte, cultura e hist\u00f3ria. 1ed.S\u00e3o Paulo: Pimenta Cultural, 2023, v. 1, p. 242-261.<\/p>\n\n\n\n<p>JAMES, M. ; HARADA, J. F. L. ; IZUMI, M. ; STANGER-ROSS, J. ; OKAMOTO, M. S. . Separate National Apologies, Transnational Injustices: Second World War Oppression, Anti-Japanese Persecution, and the Politics of Apology in Five Countries. doi.org\/10.1093\/isagsq\/ksac079, v. 2, p. 1-13, 2022.<\/p>\n\n\n\n<p>LEE, K. Y. ; KIM, Y. C. ; OKAMOTO, M. S. . Hist\u00f3ria oral do primeiro nipo-brasileiro a ingressar no Itamaraty. ESTUDOS JAPONESES (USP), v. 1, p. 83-92, 2019.<\/p>\n\n\n\n<p>NAMEKATA, M\u00e1rcia H.; NAMEKATA, M\u00e1rcia H. ; ARAUJO, M. . Pintinhas. 1. ed. S\u00e3o Paulo: Panda Books, 2023. v. 1. 31p .<\/p>\n\n\n\n<p>NAMEKATA, M\u00e1rcia H.; NAMEKATA, M.H. ; SILVA, L. B. B. C. . Pref\u00e1cio ao livro &#8216;Gatos: Contos fant\u00e1sticos orientais&#8217;. S\u00e3o Jos\u00e9 dos Pinhais &#8211; PR, 2021. (Pref\u00e1cio, P\u00f3sfacio\/Pref\u00e1cio)><\/p>\n\n\n\n<p>NAMEKATA, M\u00e1rcia H.; NAMEKATA, M.H. ; Irui Kon&#8217;in no Mukashi Banashi &#8211; Contos Tradicionais Japoneses Sobre Casamentos Fant\u00e1sticos. 1. ed. Curitiba: Editora Urso, 2020. v. 1. 205p .<\/p>\n\n\n\n<p>NAMEKATA, M\u00e1rcia H.; NAMEKATA, M\u00e1rcia H. ; O &#8216;eu&#8217; e o inconsciente na primeira trilogia de Haruki Murakami. In: Akamine, Ayako; Nagae, Neide Hissae. (Org.). Estudos Japoneses em Foco &#8211; Singularidades e Trajet\u00f3rias Contempor\u00e2neas. 1ed.S\u00e3o Paulo: FFLCH, 2020, v. 1, p. 255-270.<\/p>\n\n\n\n<p>NAMEKATA, M\u00e1rcia H.; NAMEKATA, M\u00e1rcia H. ; Os homens de Murakami: eternos solit\u00e1rios?. In: Cacio Jos\u00e9 Ferreira; Lica Hashimoto; Wagner Barros Teixeira. (Org.). 1Q79 &#8211; Leituras de Haruki Murakami. 1ed.Manaus: EDUA, 2020, v. 1, p. 1-333.<\/p>\n\n\n\n<p>OKAMOTO, M. S.; VANZELLI, J. (Org.) . Nipo-Brasileiros: arte, cultura e hist\u00f3ria. 1. ed. S\u00e3o Paulo: Pimenta Cultural, 2023. 337p .<\/p>\n\n\n\n<p>OKAMOTO, M. S.. Intelectuais Nipo-Brasileiros nos Jornais em L\u00edngua Japonesa. In: Luigi Biondi, Terciane Luchese, Valeria Guimar\u00e3es. (Org.). Media\u00e7\u00f5es transnacionais e imprensa estrangeira publicada no Brasil. 1ed.S\u00e3o Paulo: Editora Unesp, 2023, v. 1, p. 357-384.<\/p>\n\n\n\n<p>OKAMOTO, M. S.; TINEN, P. . Patriotismo, de Yukio Mishima: Persona, Autor e Ator de Cinema. In: JANETE OLIVEIRA; EDYLENE SEVERIANO. (Org.). O Jap\u00e3o entre linhas e telas: Interfaces entre cinema e literatura. 1ed.S\u00e3o Jo\u00e3o de Meriti: Desalinho, 2019, v. 01, p. 66-86.<\/p>\n\n\n\n<p>PATROCINIO, F. C. R. ; OKAMOTO, M. S. . KORONIA-GO. UMA CONCEP\u00c7\u00c3O DE L\u00cdNGUA COMO PR\u00c1TICA SOCIAL LEG\u00cdTIMA. ESTUDOS JAPONESES (USP), v. 1, p. 57-70, 2021.<\/p>\n\n\n\n<p>PIRES, G. V. V. B. ; NAMEKATA, M\u00e1rcia H. ; NAMEKATA, M\u00e1rcia H. . Sen no Riky\u00fb: Sua influ\u00eancia na est\u00e9tica e literatura da cerim\u00f4nia do ch\u00e1. In: Monica Setuyo Okamoto; Jos\u00e9 Carvalho Vanzelli. (Org.). Nipo-brasileiros: arte, cultura e hist\u00f3ria. 1ed.S\u00e3o Paulo: Pimenta Cultural, 2023, v. 1, p. 103-120.<\/p>\n\n\n\n<p>PIRES, G. V. V. B. ; NAMEKATA, M\u00e1rcia H. ; NAMEKATA, M\u00e1rcia H. . O livro do ch\u00e1. S\u00e3o Jos\u00e9 dos Pinhais, 2023. (Pref\u00e1cio, P\u00f3sfacio\/Pref\u00e1cio).<\/p>\n\n\n\n<p>PONCIANO, L. ; VANZELLI, J. C. . Recursos audiovisuais para o ensino de portugu\u00eas como l\u00edngua estrangeira no contexto universit\u00e1rio sul-coreano. Orientes do Portugu\u00eas, v. 1, p. 13-24, 2019.<\/p>\n\n\n\n<p>VANZELLI, J. C. ; NAMEKATA, M\u00e1rcia H. ; NAMEKATA, M\u00e1rcia H. . Pref\u00e1cio \u00e0 Tradu\u00e7\u00e3o da Pe\u00e7a &#8216;Kirishitan Nobunaga&#8217;. S\u00e3o Paulo, 2023. (Pref\u00e1cio, P\u00f3sfacio\/Pref\u00e1cio)>.<\/p>\n\n\n\n<p>SILVA, L. B. B. C. ; NAMEKATA, M.H. ; NAMEKATA, M\u00e1rcia H. . Pref\u00e1cio ao Livro &#8216;Raposas &#8211; Contos Fant\u00e1sticos Orientais&#8217;. Curitiba, 2020. (Pref\u00e1cio, P\u00f3sfacio\/Pref\u00e1cio).<\/p>\n\n\n\n<p>YOON, L. K. ; CHUL, K. Y. ; OKAMOTO, M. S. . Study on Immigration Culture Topography of East Asia Immigrants in Brazil. http:\/\/dx.doi.org\/10.17855\/jlas.2021.5.40.2.123, v. 1, p. 123-160, 2021.<\/p>\n\n\n\n<p>VANZELLI, J. C.. Shinj\u016b Ten no Amijima, de Chikamatsu Monzaemon: dos jogos de palavras ao conflito giri-ninj\u014d. ALETRIA: REVISTA DE ESTUDOS DE LITERATURA, v. 33, p. 208-228, 2023.<\/p>\n\n\n\n<p>VANZELLI, J. C.. Transforma\u00e7\u00f5es no teatro japon\u00eas do final do s\u00e9culo XIX e in\u00edcio do s\u00e9culo XX. DRAMATURGIA EM FOCO, v. 7, p. 88-108, 2023.<\/p>\n\n\n\n<p>VANZELLI, J. C.. Orientalismos oitocentistas: O Mandarim em di\u00e1logo. Queirosiana, v. 29\/30, p. 103-120, 2023.<br>VANZELLI, J. C.. Portugal e Jap\u00e3o em A Estrela de Nagasaqui. SCRIPTA UNIANDRADE, v. 20, p. 151-171, 2022.<br>VANZELLI, J. C.. Camilo Castelo Branco e Diogo do Couto. Revista Olho d&#8217;\u00e1gua, v. 14, p. 6-26, 2022.<\/p>\n\n\n\n<p><\/p>\n\n\n\n<p><strong>\u00c1rea de Lingu\u00edstica \/ Lingu\u00edstica Aplicada <\/strong><\/p>\n\n\n\n<p>AZUMA, S. O.. Introdu\u00e7\u00e3o \u00e0 L\u00edngua Japonesa. 1. ed. Curitiba: Laboralivros, 2019. v. 1. 93p .<\/p>\n\n\n\n<p>GARDENAL, L. M. S.; ABREU-E-LIMA, D. M. . ISF-JAPON\u00caS NO CEN\u00c1RIO DA INTERNACIONALIZA\u00c7\u00c3O DAS UNIVERSIDADES Luiz Gardenal Denise Abreu-e-Lima. In: Filho, W.B.M.; Nicolaides, C.; Quevedo-Camargo, G.; Santos, E.M.; Abreu-e-Lima, D.M.. (Org.). IDIOMAS SEM FRONTEIRAS Multilinguismo, pol\u00edtica lingu\u00edstica e internacionaliza\u00e7\u00e3o. 1ed.Belo Horizonte: UFMG, 2021, v. 1, p. 327-346.<\/p>\n\n\n\n<p>HAYASHI, RENAN KENJI SALES; JACOBOWITZ, SETH . Entrevista com o professor Dr. Seth Jacobowitz. REVISTA X, v. 18, p. 338-351, 2023.<\/p>\n\n\n\n<p>HAYASHI, RENAN KENJI SALES. Psican\u00e1lise entre l\u00ednguas, de Walter Carlos Costa, Pedro Heliodoro Tavares e Emiliano de Brito Rossi. REVISTA X, v. 18, p. 796-802, 2023.<\/p>\n\n\n\n<p>HAYASHI, RENAN KENJI SALES. Sob a derme do ideograma: fetiche. Conex\u00e3o Letras, v. 18, p. 01-22, 2023.<\/p>\n\n\n\n<p>HAYASHI, RENAN KENJI SALES. OUTRIDADE EM REFLEXOS: UMA TESSITURA ENTRE -O ESPELHO- DE ASSIS E -O LODO- DE RUBI\u00c3O. MACHADO DE ASSIS EM LINHA, v. 15, p. 1-18, 2022.<\/p>\n\n\n\n<p>HAYASHI, RENAN KENJI SALES. Lingu\u00edstica Aplicada E Pesquisa Na \u00c1rea De Japon\u00eas No Brasil: Um Breve Estado-Da-Arte. Percursos Lingu\u00edsticos (UFES), v. 12, p. 10-28, 2022.<\/p>\n\n\n\n<p>HAYASHI, RENAN KENJI SALES. EXPRESS\u00d5ES DE CONDICIONALIDADE EM JAPON\u00caS: A AN\u00c1LISE CONTRASTIVA DE GRAM\u00c1TICA NO ENSINO FORMAL DE LE. UNILETRAS, v. 44, p. 1-16, 2022.<\/p>\n\n\n\n<p>HAYASHI, RENAN KENJI SALES. Psican\u00e1lise e l\u00edngua japonesa: interfaces entre sujeito, linguagem e desejo. ESTUDOS JAPONESES, v. 1, p. 103-117, 2022.<\/p>\n\n\n\n<p>HAYASHI, RENAN KENJI HAYASHI. Sotaque americano\/brit\u00e2nico no Brasil. Revista da ANPOLL, v. 52, p. 196-217, 2021.<\/p>\n\n\n\n<p>HAYASHI, R. K. S.. Mem\u00f3ria e (res)sentimento: instantes do massacre da Cor\u00e9ia do Sul. REVELL ? REVISTA DE ESTUDOS LITER\u00c1RIOS DA UEMS, v. 2, p. 165-189, 2021.<\/p>\n\n\n\n<p>HAYASHI, R. K. S.. O interdito e o jamais-dito. DARANDINA REVISTELETR\u00d4NICA, p. 1-11, 2019.<\/p>\n\n\n\n<p>HAYASHI, R. K. S.; SACHS, R. S. . Suic\u00eddio, desejo e gozo na escrita liter\u00e1ria: uma an\u00e1lise psicanal\u00edtica do &#8211; Patriotismo &#8211; de Yukio Mishima. REVISTA CRIA\u00c7\u00c3O &amp; CR\u00cdTICA, v. 23, p. 65-87, 2019. <\/p>\n","protected":false},"excerpt":{"rendered":"<p>Publica\u00e7\u00f5es (Livros, artigos, etc.) do corpo docente da \u00e1rea de japon\u00eas da UFPR (2019 &#8211; 2024) \u00c1rea de Literatura DELGADO, M. A. ; ASSE, R. ; PAGANINI, M. ; LESLIE, C. ; NAMEKATA, M\u00e1rcia H. ; NAMEKATA, M\u00e1rcia H. . Contos de Y\u00f4kai: fantasmas do Jap\u00e3o. Londrina &#8211; PR: Florear Livros, 2021 (revis\u00e3o). FERNANDES, V. [&hellip;]<\/p>\n","protected":false},"author":1,"featured_media":0,"parent":0,"menu_order":0,"comment_status":"closed","ping_status":"closed","template":"page-pesquisa.php","meta":{"footnotes":""},"_links":{"self":[{"href":"https:\/\/letrasjapones.ufpr.br\/index.php?rest_route=\/wp\/v2\/pages\/7"}],"collection":[{"href":"https:\/\/letrasjapones.ufpr.br\/index.php?rest_route=\/wp\/v2\/pages"}],"about":[{"href":"https:\/\/letrasjapones.ufpr.br\/index.php?rest_route=\/wp\/v2\/types\/page"}],"author":[{"embeddable":true,"href":"https:\/\/letrasjapones.ufpr.br\/index.php?rest_route=\/wp\/v2\/users\/1"}],"replies":[{"embeddable":true,"href":"https:\/\/letrasjapones.ufpr.br\/index.php?rest_route=%2Fwp%2Fv2%2Fcomments&post=7"}],"version-history":[{"count":14,"href":"https:\/\/letrasjapones.ufpr.br\/index.php?rest_route=\/wp\/v2\/pages\/7\/revisions"}],"predecessor-version":[{"id":366,"href":"https:\/\/letrasjapones.ufpr.br\/index.php?rest_route=\/wp\/v2\/pages\/7\/revisions\/366"}],"wp:attachment":[{"href":"https:\/\/letrasjapones.ufpr.br\/index.php?rest_route=%2Fwp%2Fv2%2Fmedia&parent=7"}],"curies":[{"name":"wp","href":"https:\/\/api.w.org\/{rel}","templated":true}]}}