{"id":43,"date":"2018-10-10T14:44:02","date_gmt":"2018-10-10T17:44:02","guid":{"rendered":"https:\/\/letrasjapones.ufpr.br\/?page_id=43"},"modified":"2024-10-30T16:46:49","modified_gmt":"2024-10-30T19:46:49","slug":"pa","status":"publish","type":"page","link":"https:\/\/letrasjapones.ufpr.br\/?page_id=43","title":{"rendered":"Est\u00e1gios, POA, Monitoria e TCC"},"content":{"rendered":"\n<p><strong>Abaixo, listamos todos os normativos relativos aos est\u00e1gios no \u00e2mbito da UFPR <\/strong><\/p>\n\n\n\n<h2 class=\"wp-block-heading\">Legisla\u00e7\u00e3o<\/h2>\n\n\n\n<h4 class=\"wp-block-heading\"><a href=\"http:\/\/www.prograd.ufpr.br\/portal\/cge\/wp-content\/uploads\/sites\/4\/2013\/08\/Lei11788Estagio.pdf\">Lei Federal 11.788\/08<\/a>&nbsp;<strong>\u2013 Disp\u00f5e sobre os est\u00e1gios de estudantes no pa\u00eds, e sobre as responsabilidades das partes envolvidas.<\/strong><\/h4>\n\n\n\n<h4 class=\"wp-block-heading\"><strong>Normatiza\u00e7\u00e3o Interna \u2013 UFPR<\/strong><\/h4>\n\n\n\n<p><a href=\"http:\/\/www.soc.ufpr.br\/portal\/wp-content\/uploads\/2016\/07\/cepe-70-04-CEPE-alterada-pela-resolu%C3%A7%C3%A3o-21.18.pdf\" target=\"_blank\" rel=\"noreferrer noopener\">Resolu\u00e7\u00e3o n\u00ba 70\/04-CEPE<\/a>&nbsp;\u2013 Disp\u00f5e sobre as Atividades Formativas na flexibiliza\u00e7\u00e3o dos curr\u00edculos dos cursos de gradua\u00e7\u00e3o e de ensino profissionalizante da UFPR. (publicada em 13\/07\/2004)<\/p>\n\n\n\n<p><a href=\"http:\/\/www.soc.ufpr.br\/portal\/wp-content\/uploads\/2016\/07\/resolucao_cepe_19082010-477.pdf\" target=\"_blank\" rel=\"noreferrer noopener\">Resolu\u00e7\u00e3o n\u00ba 46\/10-CEPE<\/a>&nbsp;\u2013 Disp\u00f5e sobre os est\u00e1gios na UFPR.<\/p>\n\n\n\n<p><a href=\"http:\/\/www.soc.ufpr.br\/portal\/wp-content\/uploads\/2016\/07\/resolucao_in_30032012-707.pdf\" target=\"_blank\" rel=\"noreferrer noopener\">Instru\u00e7\u00e3o Normativa 01\/12 \u2013 CEPE<\/a>&nbsp;\u2013 Normatiza os est\u00e1gios curriculares n\u00e3o obrigat\u00f3rios previstos na Resolu\u00e7\u00e3o n\u00ba 46\/10 \u2013 CEPE.<\/p>\n\n\n\n<p><a href=\"http:\/\/www.soc.ufpr.br\/portal\/wp-content\/uploads\/2016\/07\/resolucao_in_30032012-708.pdf\" target=\"_blank\" rel=\"noreferrer noopener\">Instru\u00e7\u00e3o Normativa 02\/12 \u2013 CEPE<\/a>&nbsp;\u2013 Normatiza os est\u00e1gios previstos na Resolu\u00e7\u00e3o n\u00ba 46\/10, realizados no exterior.<\/p>\n\n\n\n<p><a href=\"http:\/\/www.soc.ufpr.br\/portal\/wp-content\/uploads\/2016\/07\/resolucao_in_27082013-821.pdf\" target=\"_blank\" rel=\"noreferrer noopener\">Instru\u00e7\u00e3o Normativa 01\/13 CEPE<\/a>&nbsp;\u2013 Normatiza os est\u00e1gios previstos na Resolu\u00e7\u00e3o 46\/10-CEPE, realizados no \u00e2mbito na UFPR.<\/p>\n\n\n\n<blockquote class=\"wp-block-quote\">\n<p><strong>Formul\u00e1rios de Est\u00e1gio <\/strong>&#8211; Entenda para que serve cada um dos formul\u00e1rios <\/p>\n<cite><strong>Termo de Compromisso de Est\u00e1gio (TCE) \u2013<\/strong>&nbsp;\u00c9 o principal documento que rege a rela\u00e7\u00e3o de est\u00e1gio entre o estudante, a IES e a unidade concedente. O preenchimento e a assinatura do TCE s\u00e3o obrigat\u00f3rios para qualquer tipo de est\u00e1gio (Lei Federal 11.788\/2008).<br><strong>Termo Aditivo \u2013<\/strong>&nbsp;\u00c9 um instrumento que altera as condi\u00e7\u00f5es do est\u00e1gio previstas originalmente no TCE. Com este documento \u00e9 poss\u00edvel solicitar prorroga\u00e7\u00e3o do prazo de est\u00e1gio (at\u00e9 o limite m\u00e1ximo de 2 anos), altera\u00e7\u00e3o de modalidade de est\u00e1gio, altera\u00e7\u00e3o de valores pagos pela concedente em caso de est\u00e1gios remunerados etc.<br><strong>Termo de Rescis\u00e3o \u2013<\/strong>&nbsp;Este documento \u00e9 utilizado quando o est\u00e1gio \u00e9 encerrado antes do prazo previsto originalmente no TCE, findando a rela\u00e7\u00e3o estudante\/concedente previamente acordada. A apresenta\u00e7\u00e3o do Termo de Rescis\u00e3o \u00e9 obrigat\u00f3ria no caso de encerramento antecipado das atividades, sob pena de incorrer em fraude a est\u00e1gio.<br><strong>Relat\u00f3rio de Est\u00e1gio \u2013<\/strong>&nbsp;Deve ser preenchido pelo estudante a cada 6 meses e ao final das atividades de est\u00e1gio. Este documento deve ser apresentado a coordena\u00e7\u00e3o do curso quando o estudante solicitar prorroga\u00e7\u00e3o de prazo via Termo Aditivo.<br><strong>Ficha de Avalia\u00e7\u00e3o de Est\u00e1gio \u2013<\/strong>&nbsp;O supervisor de est\u00e1gio \u00e9 o respons\u00e1vel por avaliar o estudante por meio deste documento. A avalia\u00e7\u00e3o dever\u00e1 ser apreciada pela Comiss\u00e3o Orientadora de Est\u00e1gio (COE) do curso que solicitar\u00e1 a emiss\u00e3o do certificado de horas formativas (apenas para est\u00e1gios n\u00e3o obrigat\u00f3rios) para a COAFE.<br><strong>Declara\u00e7\u00e3o de Estudante-Funcion\u00e1rio \u2013<\/strong>&nbsp;Caso o estudante seja funcion\u00e1rio ou s\u00f3cio\/propriet\u00e1rio de uma empresa, na \u00e1rea de forma\u00e7\u00e3o do curso em que ele est\u00e1 matriculado, \u00e9 poss\u00edvel solicitar a dispensa da disciplina de est\u00e1gio curricular obrigat\u00f3rio, desde que esta possibilidade esteja prevista no Projeto Pedag\u00f3gico do Curso.<br><strong>Termo de Responsabilidade Financeira \u2013<\/strong>&nbsp;Serve para indicar qual a Unidade Or\u00e7ament\u00e1ria da UFPR ser\u00e1 respons\u00e1vel pelo pagamento do estagi\u00e1rio. (Utilizado apenas para estagi\u00e1rios remunerados no \u00e2mbito da UFPR.)*<br><strong>Controle de Frequ\u00eancia e F\u00e9rias \u2013<\/strong>&nbsp;Utilizado para indicar qual o per\u00edodo de recesso do estagi\u00e1rio contratado por qualquer Unidade Or\u00e7ament\u00e1ria da UFPR. (Utilizado apenas para estagi\u00e1rios remunerados no \u00e2mbito da UFPR.)*<br><strong>Declara\u00e7\u00e3o de Experi\u00eancia do Supervisor \u2013<\/strong>&nbsp;Deve ser preenchido apenas quando o supervisor que acompanhar\u00e1 o estagi\u00e1rio no local de est\u00e1gio n\u00e3o possui forma\u00e7\u00e3o compat\u00edvel com a \u00e1rea do curso em que o estudante est\u00e1 matriculado.<br><strong>Declara\u00e7\u00e3o de Parentesco \u2013<\/strong>&nbsp;Utilizado para informar se o estagi\u00e1rio possui parentesco com algum servidor da UFPR. (Utilizado apenas para estagi\u00e1rios remunerados no \u00e2mbito da UFPR.)*<\/cite><\/blockquote>\n\n\n\n<p>Consulte o site a seguir para mais informa\u00e7\u00f5es: http:\/\/www.prograd.ufpr.br\/estagio\/formularios\/ <\/p>\n\n\n\n<p><\/p>\n\n\n\n<p><\/p>\n\n\n\n<p><strong>Programa de Orienta\u00e7\u00e3o Acad\u00eamica<\/strong> &#8211; POA &#8211; UFPR <\/p>\n\n\n\n<h5 class=\"wp-block-heading\">O que \u00e9 o Programa de Orienta\u00e7\u00e3o Acad\u00eamica (POA)?<\/h5>\n\n\n\n<p>O&nbsp;<strong>Programa de Orienta\u00e7\u00e3o Acad\u00eamica (POA)&nbsp;<\/strong>foi constitu\u00eddo para orientar o discente em sua trajet\u00f3ria acad\u00eamica no cursos&nbsp;de <strong>Letras Japon\u00eas &#8211; Bacharelado e Letras Japon\u00eas\/Portugu\u00eas &#8211; Licenciatura <\/strong>da&nbsp;<strong>Universidade Federal do Paran\u00e1 (UFPR),&nbsp;<\/strong>no intuito de identificar e criar solu\u00e7\u00f5es para a supera\u00e7\u00e3o de obst\u00e1culos ao processo de ensino-aprendizagem, reduzir as reprova\u00e7\u00f5es em disciplinas, diminuir a evas\u00e3o e responder \u00e0 necessidade de orienta\u00e7\u00e3o dos discentes que, por diversos motivos, apresentam dificuldades, atrasos no cumprimento da matriz curricular ou adiamentos indefinidos na conclus\u00e3o do cursos, resultando em cancelamento do registro acad\u00eamico.<\/p>\n\n\n\n<p>Os discentes s\u00e3o convidados pela coordena\u00e7\u00e3o de \u00e1rea do Japon\u00eas por e-mail. Em havendo o aceite, os alunos s\u00e3o atendidos individualmente por um ou dois professores da \u00e1rea de japon\u00eas, com registros formais inseridos no SEI. Todo o processo \u00e9 sigiloso e confidencial. <\/p>\n\n\n\n<p>A participa\u00e7\u00e3o dos discentes nas atividades sugeridas pelo POA \u00e9 facultativa.<\/p>\n\n\n\n<p>Atualmente, as reuni\u00f5es de POA s\u00e3o conduzidas pela Profa. M\u00e1rcia Namekata e pelo Prof. Renan Hayashi, com discentes entre o quarto e o novo semestres. <\/p>\n\n\n\n<h5 class=\"wp-block-heading\">Regulamento do Programa de Orienta\u00e7\u00e3o Acad\u00eamica (POA)<\/h5>\n\n\n\n<div class=\"wp-block-file\"><object class=\"wp-block-file__embed\" data=\"https:\/\/letrasjapones.ufpr.br\/wp-content\/uploads\/2024\/10\/POA-RESOLUCAO-95-A-15-CEPE-1-1.pdf\" type=\"application\/pdf\" style=\"width:100%;height:600px\" aria-label=\"Incorporado de POA-RESOLUCAO-95-A-15-CEPE-1-1.\"><\/object><a id=\"wp-block-file--media-c3863814-a7e5-46bc-bf79-2d994c53e0e3\" href=\"https:\/\/letrasjapones.ufpr.br\/wp-content\/uploads\/2024\/10\/POA-RESOLUCAO-95-A-15-CEPE-1-1.pdf\">POA-RESOLUCAO-95-A-15-CEPE-1-1<\/a><a href=\"https:\/\/letrasjapones.ufpr.br\/wp-content\/uploads\/2024\/10\/POA-RESOLUCAO-95-A-15-CEPE-1-1.pdf\" class=\"wp-block-file__button wp-element-button\" download aria-describedby=\"wp-block-file--media-c3863814-a7e5-46bc-bf79-2d994c53e0e3\">Baixar<\/a><\/div>\n\n\n\n<h5 class=\"wp-block-heading\">Informa\u00e7\u00f5es Gerais sobre Acolhimento<\/h5>\n\n\n\n<p>Se voc\u00ea sofreu algum tipo de viol\u00eancia dentro da UFPR, por algu\u00e9m que estude ou trabalhe aqui, voc\u00ea pode denunciar:&nbsp;<a href=\"mailto:acolhe.sipad@ufpr.br\">acolhe.sipad@ufpr.br<\/a>&nbsp;e (41) 3310-2699.<\/p>\n\n\n\n<p>A&nbsp;<a href=\"http:\/\/www.google.com\/url?q=http%3A%2F%2Fwww.sipad.ufpr.br%2Fportal%2Fcontato-10%2F&amp;sa=D&amp;sntz=1&amp;usg=AFQjCNGc1xLMH8QoE90jUFKkpUU86oNKcA\">SIPAD<\/a>&nbsp;\u00e9 a Superintend\u00eancia de Inclus\u00e3o, Pol\u00edticas Afirmativas e Diversidade, e conta com uma equipe de pessoas treinadas para dar suporte \u00e0s v\u00edtimas de diversos tipos de viol\u00eancias.<\/p>\n\n\n\n<p><a href=\"https:\/\/sociaisaplicadas.ufpr.br\/coordeco\/apoio\/\">Para mais tipos de apoio emocional oferecidos pela UFPR para sua comunidade, veja aqui<\/a><\/p>\n\n\n\n<p>Para viol\u00eancias que ocorrem fora do ambiente universit\u00e1rio, em Curitiba h\u00e1:<\/p>\n\n\n\n<ul>\n<li><a href=\"http:\/\/www.google.com\/url?q=http%3A%2F%2Fwww.curitiba.pr.gov.br%2Fconteudo%2Fenfrentamento-da-violencia%2F2477&amp;sa=D&amp;sntz=1&amp;usg=AFQjCNEU1ZNtP1Z8A3SVnNrGBvxk66Uniw\">Casa da Mulher Brasileira<\/a><\/li>\n<\/ul>\n\n\n\n<p>Telefones: (41) 3221-2701 \/ 3221-2710<\/p>\n\n\n\n<p>e-mail:&nbsp;<a href=\"mailto:cmb@cmb.curitiba.pr.gov.br\">cmb@cmb.curitiba.pr.gov.br<\/a><\/p>\n\n\n\n<p>End. AV. PARAN\u00c1, 870<\/p>\n\n\n\n<ul>\n<li><a href=\"https:\/\/www.google.com\/url?q=https%3A%2F%2Fwww.mapadoacolhimento.org&amp;sa=D&amp;sntz=1&amp;usg=AFQjCNFwanBGbnnyVwthNAOwnOBrsolsGQ\">Mapa do Acolhimento<\/a> que \u00e9 uma rede de solidariedade que conecta mulheres que sofrem ou sofreram viol\u00eancia de g\u00eanero a psic\u00f3logas e advogadas dispostas a ajud\u00e1-las de forma volunt\u00e1ria.<\/li>\n<\/ul>\n\n\n\n<p><strong><em>Edital Monitoria &#8211; 2\u00ba \/ 2024 <\/em><\/strong><\/p>\n\n\n\n<div class=\"wp-block-file\"><object class=\"wp-block-file__embed\" data=\"https:\/\/letrasjapones.ufpr.br\/wp-content\/uploads\/2024\/10\/EDITAL-No-04.2024-.PROGRAD.COAFE_.MONITORIA.pdf\" type=\"application\/pdf\" style=\"width:100%;height:600px\" aria-label=\"Incorporado de EDITAL-No-04.2024-.PROGRAD.COAFE_.MONITORIA.\"><\/object><a id=\"wp-block-file--media-1236a5c0-b2f7-4272-bd3a-64128933d56c\" href=\"https:\/\/letrasjapones.ufpr.br\/wp-content\/uploads\/2024\/10\/EDITAL-No-04.2024-.PROGRAD.COAFE_.MONITORIA.pdf\">EDITAL-No-04.2024-.PROGRAD.COAFE_.MONITORIA<\/a><a href=\"https:\/\/letrasjapones.ufpr.br\/wp-content\/uploads\/2024\/10\/EDITAL-No-04.2024-.PROGRAD.COAFE_.MONITORIA.pdf\" class=\"wp-block-file__button wp-element-button\" download aria-describedby=\"wp-block-file--media-1236a5c0-b2f7-4272-bd3a-64128933d56c\">Baixar<\/a><\/div>\n\n\n\n<h2 class=\"wp-block-heading\">Horas Formativas &#8211; Como validar <\/h2>\n\n\n\n<p>Incluimos abaixo um tutorial da UFPR para validar as horas formativas (200 horas obrigat\u00f3rias) para conclus\u00e3o do curso de gradua\u00e7\u00e3o. <\/p>\n\n\n\n<p><a href=\"https:\/\/ufpraberta.ufpr.br\/mod\/page\/view.php?id=293\">https:\/\/ufpraberta.ufpr.br\/mod\/page\/view.php?id=293<\/a><\/p>\n\n\n\n<h2 class=\"wp-block-heading\">TCC &#8211; Formato esperado de TCC <\/h2>\n\n\n\n<div class=\"wp-block-file\"><object class=\"wp-block-file__embed\" data=\"https:\/\/letrasjapones.ufpr.br\/wp-content\/uploads\/2024\/10\/Modelo_trabalho_academico_UFPR.pdf\" type=\"application\/pdf\" style=\"width:100%;height:600px\" aria-label=\"Incorporado de Modelo_trabalho_academico_UFPR.\"><\/object><a id=\"wp-block-file--media-ac0e9122-9a61-4c6a-9e8e-cedd648b2879\" href=\"https:\/\/letrasjapones.ufpr.br\/wp-content\/uploads\/2024\/10\/Modelo_trabalho_academico_UFPR.pdf\">Modelo_trabalho_academico_UFPR<\/a><a href=\"https:\/\/letrasjapones.ufpr.br\/wp-content\/uploads\/2024\/10\/Modelo_trabalho_academico_UFPR.pdf\" class=\"wp-block-file__button wp-element-button\" download aria-describedby=\"wp-block-file--media-ac0e9122-9a61-4c6a-9e8e-cedd648b2879\">Baixar<\/a><\/div>\n","protected":false},"excerpt":{"rendered":"<p>Abaixo, listamos todos os normativos relativos aos est\u00e1gios no \u00e2mbito da UFPR Legisla\u00e7\u00e3o Lei Federal 11.788\/08&nbsp;\u2013 Disp\u00f5e sobre os est\u00e1gios de estudantes no pa\u00eds, e sobre as responsabilidades das partes envolvidas. Normatiza\u00e7\u00e3o Interna \u2013 UFPR Resolu\u00e7\u00e3o n\u00ba 70\/04-CEPE&nbsp;\u2013 Disp\u00f5e sobre as Atividades Formativas na flexibiliza\u00e7\u00e3o dos curr\u00edculos dos cursos de gradua\u00e7\u00e3o e de ensino profissionalizante [&hellip;]<\/p>\n","protected":false},"author":1,"featured_media":0,"parent":0,"menu_order":0,"comment_status":"closed","ping_status":"closed","template":"page-alunos.php","meta":{"footnotes":""},"_links":{"self":[{"href":"https:\/\/letrasjapones.ufpr.br\/index.php?rest_route=\/wp\/v2\/pages\/43"}],"collection":[{"href":"https:\/\/letrasjapones.ufpr.br\/index.php?rest_route=\/wp\/v2\/pages"}],"about":[{"href":"https:\/\/letrasjapones.ufpr.br\/index.php?rest_route=\/wp\/v2\/types\/page"}],"author":[{"embeddable":true,"href":"https:\/\/letrasjapones.ufpr.br\/index.php?rest_route=\/wp\/v2\/users\/1"}],"replies":[{"embeddable":true,"href":"https:\/\/letrasjapones.ufpr.br\/index.php?rest_route=%2Fwp%2Fv2%2Fcomments&post=43"}],"version-history":[{"count":15,"href":"https:\/\/letrasjapones.ufpr.br\/index.php?rest_route=\/wp\/v2\/pages\/43\/revisions"}],"predecessor-version":[{"id":418,"href":"https:\/\/letrasjapones.ufpr.br\/index.php?rest_route=\/wp\/v2\/pages\/43\/revisions\/418"}],"wp:attachment":[{"href":"https:\/\/letrasjapones.ufpr.br\/index.php?rest_route=%2Fwp%2Fv2%2Fmedia&parent=43"}],"curies":[{"name":"wp","href":"https:\/\/api.w.org\/{rel}","templated":true}]}}