{"id":41,"date":"2018-10-10T14:43:51","date_gmt":"2018-10-10T17:43:51","guid":{"rendered":"https:\/\/letrasjapones.ufpr.br\/?page_id=41"},"modified":"2024-10-30T16:40:16","modified_gmt":"2024-10-30T19:40:16","slug":"tcc","status":"publish","type":"page","link":"https:\/\/letrasjapones.ufpr.br\/?page_id=41","title":{"rendered":"Alunos egressos &#8211; 2009 &#8211; em diante"},"content":{"rendered":"\n<p><strong>Letras &#8211; Japon\u00eas &#8211; Licenciatura<\/strong> <\/p>\n\n\n\n<figure class=\"wp-block-image size-full\"><img decoding=\"async\" loading=\"lazy\" width=\"631\" height=\"532\" src=\"https:\/\/letrasjapones.ufpr.br\/wp-content\/uploads\/2024\/10\/image.png\" alt=\"\" class=\"wp-image-315\" srcset=\"https:\/\/letrasjapones.ufpr.br\/wp-content\/uploads\/2024\/10\/image.png 631w, https:\/\/letrasjapones.ufpr.br\/wp-content\/uploads\/2024\/10\/image-300x253.png 300w\" sizes=\"(max-width: 631px) 100vw, 631px\" \/><\/figure>\n\n\n\n<p><strong>Letras &#8211; Japon\u00eas &#8211; Bacharelado <\/strong><\/p>\n\n\n\n<figure class=\"wp-block-image size-full\"><img decoding=\"async\" loading=\"lazy\" width=\"632\" height=\"375\" src=\"https:\/\/letrasjapones.ufpr.br\/wp-content\/uploads\/2024\/10\/image-2.png\" alt=\"\" class=\"wp-image-317\" srcset=\"https:\/\/letrasjapones.ufpr.br\/wp-content\/uploads\/2024\/10\/image-2.png 632w, https:\/\/letrasjapones.ufpr.br\/wp-content\/uploads\/2024\/10\/image-2-300x178.png 300w\" sizes=\"(max-width: 632px) 100vw, 632px\" \/><\/figure>\n\n\n\n<h2 class=\"wp-block-heading\">Formados em Letras &#8211; Japon\u00eas &#8211; com gest\u00e3o do SIGA <\/h2>\n\n\n\n<figure class=\"wp-block-image size-full is-resized\"><img decoding=\"async\" loading=\"lazy\" width=\"730\" height=\"549\" src=\"https:\/\/letrasjapones.ufpr.br\/wp-content\/uploads\/2024\/10\/Captura-de-tela-2024-10-30-163708.png\" alt=\"\" class=\"wp-image-414\" style=\"aspect-ratio:1.3296903460837888;width:636px;height:auto\" srcset=\"https:\/\/letrasjapones.ufpr.br\/wp-content\/uploads\/2024\/10\/Captura-de-tela-2024-10-30-163708.png 730w, https:\/\/letrasjapones.ufpr.br\/wp-content\/uploads\/2024\/10\/Captura-de-tela-2024-10-30-163708-300x226.png 300w\" sizes=\"(max-width: 730px) 100vw, 730px\" \/><\/figure>\n","protected":false},"excerpt":{"rendered":"<p>Letras &#8211; Japon\u00eas &#8211; Licenciatura Letras &#8211; Japon\u00eas &#8211; Bacharelado Formados em Letras &#8211; Japon\u00eas &#8211; com gest\u00e3o do SIGA<\/p>\n","protected":false},"author":1,"featured_media":0,"parent":0,"menu_order":0,"comment_status":"closed","ping_status":"closed","template":"page-alunos.php","meta":{"footnotes":""},"_links":{"self":[{"href":"https:\/\/letrasjapones.ufpr.br\/index.php?rest_route=\/wp\/v2\/pages\/41"}],"collection":[{"href":"https:\/\/letrasjapones.ufpr.br\/index.php?rest_route=\/wp\/v2\/pages"}],"about":[{"href":"https:\/\/letrasjapones.ufpr.br\/index.php?rest_route=\/wp\/v2\/types\/page"}],"author":[{"embeddable":true,"href":"https:\/\/letrasjapones.ufpr.br\/index.php?rest_route=\/wp\/v2\/users\/1"}],"replies":[{"embeddable":true,"href":"https:\/\/letrasjapones.ufpr.br\/index.php?rest_route=%2Fwp%2Fv2%2Fcomments&post=41"}],"version-history":[{"count":8,"href":"https:\/\/letrasjapones.ufpr.br\/index.php?rest_route=\/wp\/v2\/pages\/41\/revisions"}],"predecessor-version":[{"id":415,"href":"https:\/\/letrasjapones.ufpr.br\/index.php?rest_route=\/wp\/v2\/pages\/41\/revisions\/415"}],"wp:attachment":[{"href":"https:\/\/letrasjapones.ufpr.br\/index.php?rest_route=%2Fwp%2Fv2%2Fmedia&parent=41"}],"curies":[{"name":"wp","href":"https:\/\/api.w.org\/{rel}","templated":true}]}}