{"id":29,"date":"2018-10-10T14:41:59","date_gmt":"2018-10-10T17:41:59","guid":{"rendered":"https:\/\/letrasjapones.ufpr.br\/?page_id=29"},"modified":"2024-10-30T10:11:29","modified_gmt":"2024-10-30T13:11:29","slug":"intercambio","status":"publish","type":"page","link":"https:\/\/letrasjapones.ufpr.br\/?page_id=29","title":{"rendered":"Interc\u00e2mbio"},"content":{"rendered":"\n<p>Mobilidade Acad\u00eamica <\/p>\n\n\n\n<p>A Mobilidade Acad\u00eamica Internacional \u00e9 um programa de interc\u00e2mbio realizado entre a UFPR e as universidades estrangeiras com as quais ela mantem acordo bilateral de coopera\u00e7\u00e3o. Atrav\u00e9s desse programa, a UFPR envia e recebe alunos por um per\u00edodo de 6 a 12 meses, sem possibilidade de extens\u00e3o.<\/p>\n\n\n\n<p><strong>Site da Ag\u00eancia UFPR Internacional <\/strong><\/p>\n\n\n\n<p>Site da AUI: https:\/\/internacional.ufpr.br\/portal\/<\/p>\n\n\n\n<p><\/p>\n\n\n\n<p><strong>Conv\u00eanios da UFPR com entidades e universidades japonesas<\/strong><\/p>\n\n\n\n<p><em>Soka University<\/em><\/p>\n\n\n\n<p>Site da universidade: https:\/\/www.soka.ac.jp\/<\/p>\n\n\n\n<p><br><em>Tokyo University of Foreign Studies<\/em> (TUFS)<\/p>\n\n\n\n<p>Site da universidade: https:\/\/www.tufs.ac.jp\/english\/<\/p>\n\n\n\n<p><br><em>Tenri University<\/em><\/p>\n\n\n\n<p>Site da universidade: https:\/\/www.tenri-u.ac.jp\/en\/<\/p>\n\n\n\n<p><br><em>Kake Educational Institution<\/em><\/p>\n\n\n\n<p>Site: https:\/\/www.kake.ac.jp\/kokusai\/engl\/KakeEduInst_top.html<br><\/p>\n\n\n\n<p><em>Universidade de Waseda<\/em><\/p>\n\n\n\n<p>Site da universidade: https:\/\/www.waseda.jp\/top\/en\/<\/p>\n","protected":false},"excerpt":{"rendered":"<p>Mobilidade Acad\u00eamica A Mobilidade Acad\u00eamica Internacional \u00e9 um programa de interc\u00e2mbio realizado entre a UFPR e as universidades estrangeiras com as quais ela mantem acordo bilateral de coopera\u00e7\u00e3o. Atrav\u00e9s desse programa, a UFPR envia e recebe alunos por um per\u00edodo de 6 a 12 meses, sem possibilidade de extens\u00e3o. Site da Ag\u00eancia UFPR Internacional Site [&hellip;]<\/p>\n","protected":false},"author":1,"featured_media":0,"parent":0,"menu_order":0,"comment_status":"closed","ping_status":"closed","template":"page-graduacao.php","meta":{"footnotes":""},"_links":{"self":[{"href":"https:\/\/letrasjapones.ufpr.br\/index.php?rest_route=\/wp\/v2\/pages\/29"}],"collection":[{"href":"https:\/\/letrasjapones.ufpr.br\/index.php?rest_route=\/wp\/v2\/pages"}],"about":[{"href":"https:\/\/letrasjapones.ufpr.br\/index.php?rest_route=\/wp\/v2\/types\/page"}],"author":[{"embeddable":true,"href":"https:\/\/letrasjapones.ufpr.br\/index.php?rest_route=\/wp\/v2\/users\/1"}],"replies":[{"embeddable":true,"href":"https:\/\/letrasjapones.ufpr.br\/index.php?rest_route=%2Fwp%2Fv2%2Fcomments&post=29"}],"version-history":[{"count":4,"href":"https:\/\/letrasjapones.ufpr.br\/index.php?rest_route=\/wp\/v2\/pages\/29\/revisions"}],"predecessor-version":[{"id":321,"href":"https:\/\/letrasjapones.ufpr.br\/index.php?rest_route=\/wp\/v2\/pages\/29\/revisions\/321"}],"wp:attachment":[{"href":"https:\/\/letrasjapones.ufpr.br\/index.php?rest_route=%2Fwp%2Fv2%2Fmedia&parent=29"}],"curies":[{"name":"wp","href":"https:\/\/api.w.org\/{rel}","templated":true}]}}