{"id":25,"date":"2018-10-10T14:41:32","date_gmt":"2018-10-10T17:41:32","guid":{"rendered":"https:\/\/letrasjapones.ufpr.br\/?page_id=25"},"modified":"2024-10-30T02:22:19","modified_gmt":"2024-10-30T05:22:19","slug":"ppc","status":"publish","type":"page","link":"https:\/\/letrasjapones.ufpr.br\/?page_id=25","title":{"rendered":"PPC"},"content":{"rendered":"\n<p>Projeto Pedag\u00f3gico do Curso &#8211; Bacharelado &#8211; Letras Japon\u00eas <\/p>\n\n\n\n<div class=\"wp-block-file\"><object class=\"wp-block-file__embed\" data=\"https:\/\/letrasjapones.ufpr.br\/wp-content\/uploads\/2024\/10\/PPC_BACHARELADO_JAPONES.pdf\" type=\"application\/pdf\" style=\"width:100%;height:600px\" aria-label=\"Incorporado de PPC_BACHARELADO_JAPONES.\"><\/object><a id=\"wp-block-file--media-b67931d5-48e0-4163-92d5-64b47b6cb5c2\" href=\"https:\/\/letrasjapones.ufpr.br\/wp-content\/uploads\/2024\/10\/PPC_BACHARELADO_JAPONES.pdf\">PPC_BACHARELADO_JAPONES<\/a><a href=\"https:\/\/letrasjapones.ufpr.br\/wp-content\/uploads\/2024\/10\/PPC_BACHARELADO_JAPONES.pdf\" class=\"wp-block-file__button wp-element-button\" download aria-describedby=\"wp-block-file--media-b67931d5-48e0-4163-92d5-64b47b6cb5c2\">Baixar<\/a><\/div>\n\n\n\n<p>Projeto Pedag\u00f3gico do Curso &#8211; Licenciatura &#8211; Letras Japon\u00eas <\/p>\n\n\n\n<div class=\"wp-block-file\"><object class=\"wp-block-file__embed\" data=\"https:\/\/letrasjapones.ufpr.br\/wp-content\/uploads\/2024\/10\/PPC_PORTUGUES_JAPONES_LICENCIATURA.pdf\" type=\"application\/pdf\" style=\"width:100%;height:600px\" aria-label=\"Incorporado de PPC_PORTUGUES_JAPONES_LICENCIATURA.\"><\/object><a id=\"wp-block-file--media-dddbb845-156f-40ed-835e-0317763265d6\" href=\"https:\/\/letrasjapones.ufpr.br\/wp-content\/uploads\/2024\/10\/PPC_PORTUGUES_JAPONES_LICENCIATURA.pdf\">PPC_PORTUGUES_JAPONES_LICENCIATURA<\/a><a href=\"https:\/\/letrasjapones.ufpr.br\/wp-content\/uploads\/2024\/10\/PPC_PORTUGUES_JAPONES_LICENCIATURA.pdf\" class=\"wp-block-file__button wp-element-button\" download aria-describedby=\"wp-block-file--media-dddbb845-156f-40ed-835e-0317763265d6\">Baixar<\/a><\/div>\n","protected":false},"excerpt":{"rendered":"<p>Projeto Pedag\u00f3gico do Curso &#8211; Bacharelado &#8211; Letras Japon\u00eas Projeto Pedag\u00f3gico do Curso &#8211; Licenciatura &#8211; Letras Japon\u00eas<\/p>\n","protected":false},"author":1,"featured_media":0,"parent":0,"menu_order":0,"comment_status":"closed","ping_status":"closed","template":"page-graduacao.php","meta":{"footnotes":""},"_links":{"self":[{"href":"https:\/\/letrasjapones.ufpr.br\/index.php?rest_route=\/wp\/v2\/pages\/25"}],"collection":[{"href":"https:\/\/letrasjapones.ufpr.br\/index.php?rest_route=\/wp\/v2\/pages"}],"about":[{"href":"https:\/\/letrasjapones.ufpr.br\/index.php?rest_route=\/wp\/v2\/types\/page"}],"author":[{"embeddable":true,"href":"https:\/\/letrasjapones.ufpr.br\/index.php?rest_route=\/wp\/v2\/users\/1"}],"replies":[{"embeddable":true,"href":"https:\/\/letrasjapones.ufpr.br\/index.php?rest_route=%2Fwp%2Fv2%2Fcomments&post=25"}],"version-history":[{"count":3,"href":"https:\/\/letrasjapones.ufpr.br\/index.php?rest_route=\/wp\/v2\/pages\/25\/revisions"}],"predecessor-version":[{"id":282,"href":"https:\/\/letrasjapones.ufpr.br\/index.php?rest_route=\/wp\/v2\/pages\/25\/revisions\/282"}],"wp:attachment":[{"href":"https:\/\/letrasjapones.ufpr.br\/index.php?rest_route=%2Fwp%2Fv2%2Fmedia&parent=25"}],"curies":[{"name":"wp","href":"https:\/\/api.w.org\/{rel}","templated":true}]}}