{"id":21,"date":"2018-10-10T14:41:05","date_gmt":"2018-10-10T17:41:05","guid":{"rendered":"https:\/\/letrasjapones.ufpr.br\/?page_id=21"},"modified":"2025-08-13T18:45:49","modified_gmt":"2025-08-13T21:45:49","slug":"corpo-docente","status":"publish","type":"page","link":"https:\/\/letrasjapones.ufpr.br\/?page_id=21","title":{"rendered":"Corpo Docente e NDE"},"content":{"rendered":"<p>Dr. <a href=\"http:\/\/lattes.cnpq.br\/2719818711998210\">Jos\u00e9 Carvalho Vanzelli<\/a> \u2013 Gabinete 307 &#8211; D. Pedro II<br \/>E-mail: jose.vanzelli@ufpr.br |<\/p>\n<p>Dr.\u00a0<a href=\"http:\/\/lattes.cnpq.br\/4883211642907227\" target=\"_blank\" rel=\"noopener\">Luiz Maximiliano Santin Gardenal<\/a> \u2013 Gabinete 1023 &#8211; D. Pedro I<br \/>E-mail: luizgardenal@ufpr.br |<\/p>\n<p>Dr.\u00aa\u00a0<a href=\"http:\/\/buscatextual.cnpq.br\/buscatextual\/visualizacv.do?id=K4273244D2\" target=\"_blank\" rel=\"noopener\">M\u00e1rcia Hitomi Namekata<\/a> \u2013 Gabinete 307 &#8211; D. Pedro II<br \/>E-mail: marcianamekata@ufpr.br |<\/p>\n<p>Dr.\u00aa\u00a0<a href=\"http:\/\/buscatextual.cnpq.br\/buscatextual\/visualizacv.do?id=K4778657Y7\" target=\"_blank\" rel=\"noopener\">Monica Setuyo Okamoto<\/a> \u2013 Gabinete 307 &#8211; D. Pedro II<br \/>E-mail: monica.okamoto@ufpr.br |<\/p>\n<p>Dr.\u00a0<a href=\"http:\/\/lattes.cnpq.br\/4584626615097805\">Renan Kenji Sales Hayashi<\/a> \u2013 Gabinete 1023 &#8211; D. Pedro I<br \/>E-mail: renanhayashi@ufpr.br |<\/p>\n<ul>\n<li>Professores Substitutos<\/li>\n<\/ul>\n<p>Bela. Amanda Akemi Sakamoto \u2013 Gabinete 1023 &#8211; D. Pedro I<br \/>E-mail: amanda.akemi@ufpr.br |<\/p>\n\n\n<h2 class=\"wp-block-heading\">N\u00facleo docente estruturante &#8211; NDE <\/h2>\n\n\n\n<p>Os N\u00facleos Docentes Estruturantes dos cursos de Letras &#8211; Japon\u00eas\/ Portugu\u00eas (Licenciatura) e Letras &#8211; Japon\u00eas (Bacharelado) est\u00e3o assim compostos:<\/p>\n\n\n\n<figure class=\"wp-block-table\"><table><tbody><tr><td><strong>Licenciatura em Letras Japon\u00eas\/Portugu\u00eas<\/strong><\/td><\/tr><tr><td>Alessandro Henrique Poersch Rolim de Moura<\/td><\/tr><tr><td>Andrea Kn\u00f6pfle<\/td><\/tr><tr><td>Sandra Mara Stroparo<\/td><\/tr><tr><td>Jo\u00e3o Arthur Pugsley Grahl<\/td><\/tr><tr><td>Isabel Cristina Jasinski<\/td><\/tr><tr><td>Ludmila Sandmann<\/td><\/tr><tr><td>Ivan Eidt Colling<\/td><\/tr><tr><td>Eduardo Nadalin<\/td><\/tr><\/tbody><\/table><\/figure>\n\n\n\n<figure class=\"wp-block-table\"><table><tbody><tr><td><strong>Bacharelado em Letras Japon\u00eas <\/strong><\/td><\/tr><tr><td>Alessandro Henrique Poersch Rolim de Moura<\/td><\/tr><tr><td>Sandra Mara Stroparo<\/td><\/tr><tr><td>M\u00e1rcia Hitomi Namekata<\/td><\/tr><tr><td>Jo\u00e3o Arthur Pugsley Grahl<\/td><\/tr><tr><td>Ivan Eidt Colling<\/td><\/tr><\/tbody><\/table><\/figure>\n\n\n\n<p><a href=\"http:\/\/www.soc.ufpr.br\/portal\/wp-content\/uploads\/2016\/07\/resolucao_cepe_08122009-421.pdf\" target=\"_blank\" rel=\"noreferrer noopener\">Resolu\u00e7\u00e3o n\u00ba 75\/09 CEPE \u2013 Institui os NDEs na UFPR<\/a><\/p>\n\n\n\n<p><a rel=\"noreferrer noopener\" href=\"https:\/\/arquitetoeurbanista.weebly.com\/uploads\/6\/8\/3\/8\/6838251\/res_3411-cepe_nde.pdf\" target=\"_blank\">Resolu\u00e7\u00e3o n\u00ba 34\/11 CEPE \u2013 Altera a resolu\u00e7\u00e3o 75\/09 CEPE<\/a><\/p>\n\n\n\n<figure class=\"wp-block-table\"><table><tbody><tr><td class=\"has-text-align-center\" data-align=\"center\" colspan=\"2\">Reuni\u00f5es NDE Letras<\/td><\/tr><tr><td class=\"has-text-align-center\" data-align=\"center\">Processo SEI<\/td><td>Data<\/td><\/tr><tr><td class=\"has-text-align-center\" data-align=\"center\">23075.045643\/2024-90<\/td><td>16\/08\/24<\/td><\/tr><tr><td class=\"has-text-align-center\" data-align=\"center\">23075.018095\/2024-25<\/td><td>25\/03\/24<\/td><\/tr><tr><td class=\"has-text-align-center\" data-align=\"center\">23075.018087\/2024-89<\/td><td>25\/03\/24<\/td><\/tr><tr><td class=\"has-text-align-center\" data-align=\"center\">23075.017775\/2024-21<\/td><td>14\/03\/24<\/td><\/tr><tr><td class=\"has-text-align-center\" data-align=\"center\">23075.077529\/2023-48<\/td><td>05\/12\/23<\/td><\/tr><tr><td class=\"has-text-align-center\" data-align=\"center\">23075.065926\/2023-77<\/td><td>11\/10\/23<\/td><\/tr><tr><td class=\"has-text-align-center\" data-align=\"center\">23075.057337\/2023-15<\/td><td>31\/08\/23<\/td><\/tr><tr><td class=\"has-text-align-center\" data-align=\"center\">23075.036492\/2023-06<\/td><td>07\/06\/23<\/td><\/tr><tr><td class=\"has-text-align-center\" data-align=\"center\">23075.032389\/2023-89<\/td><td>18\/05\/23<\/td><\/tr><tr><td class=\"has-text-align-center\" data-align=\"center\">23075.021692\/2023-56<\/td><td>09\/02\/23<\/td><\/tr><tr><td class=\"has-text-align-center\" data-align=\"center\">23075.021690\/2023-67<\/td><td>14\/07\/22<\/td><\/tr><tr><td class=\"has-text-align-center\" data-align=\"center\">23075.021688\/2023-98<\/td><td>12\/04\/22<\/td><\/tr><\/tbody><\/table><\/figure>\n","protected":false},"excerpt":{"rendered":"<p>Dr. Jos\u00e9 Carvalho Vanzelli \u2013 Gabinete 307 &#8211; D. Pedro IIE-mail: jose.vanzelli@ufpr.br | Dr.\u00a0Luiz Maximiliano Santin Gardenal \u2013 Gabinete 1023 &#8211; D. Pedro IE-mail: luizgardenal@ufpr.br | Dr.\u00aa\u00a0M\u00e1rcia Hitomi Namekata \u2013 Gabinete 307 &#8211; D. Pedro IIE-mail: marcianamekata@ufpr.br | Dr.\u00aa\u00a0Monica Setuyo Okamoto \u2013 Gabinete 307 &#8211; D. Pedro IIE-mail: monica.okamoto@ufpr.br | Dr.\u00a0Renan Kenji Sales Hayashi \u2013 [&hellip;]<\/p>\n","protected":false},"author":1,"featured_media":0,"parent":0,"menu_order":0,"comment_status":"closed","ping_status":"closed","template":"page-graduacao.php","meta":{"footnotes":""},"_links":{"self":[{"href":"https:\/\/letrasjapones.ufpr.br\/index.php?rest_route=\/wp\/v2\/pages\/21"}],"collection":[{"href":"https:\/\/letrasjapones.ufpr.br\/index.php?rest_route=\/wp\/v2\/pages"}],"about":[{"href":"https:\/\/letrasjapones.ufpr.br\/index.php?rest_route=\/wp\/v2\/types\/page"}],"author":[{"embeddable":true,"href":"https:\/\/letrasjapones.ufpr.br\/index.php?rest_route=\/wp\/v2\/users\/1"}],"replies":[{"embeddable":true,"href":"https:\/\/letrasjapones.ufpr.br\/index.php?rest_route=%2Fwp%2Fv2%2Fcomments&post=21"}],"version-history":[{"count":10,"href":"https:\/\/letrasjapones.ufpr.br\/index.php?rest_route=\/wp\/v2\/pages\/21\/revisions"}],"predecessor-version":[{"id":522,"href":"https:\/\/letrasjapones.ufpr.br\/index.php?rest_route=\/wp\/v2\/pages\/21\/revisions\/522"}],"wp:attachment":[{"href":"https:\/\/letrasjapones.ufpr.br\/index.php?rest_route=%2Fwp%2Fv2%2Fmedia&parent=21"}],"curies":[{"name":"wp","href":"https:\/\/api.w.org\/{rel}","templated":true}]}}