{"id":19,"date":"2018-10-10T14:39:47","date_gmt":"2018-10-10T17:39:47","guid":{"rendered":"https:\/\/letrasjapones.ufpr.br\/?page_id=19"},"modified":"2024-03-01T17:22:15","modified_gmt":"2024-03-01T20:22:15","slug":"noticias","status":"publish","type":"page","link":"https:\/\/letrasjapones.ufpr.br\/?page_id=19","title":{"rendered":"Not\u00edcias"},"content":{"rendered":"<p><blockquote class=\"wp-embedded-content\" data-secret=\"qJzdHnVtF7\"><a href=\"https:\/\/letrasjapones.ufpr.br\/?p=109\">Disciplina de Cinema Japon\u00eas 2<\/a><\/blockquote><iframe class=\"wp-embedded-content\" sandbox=\"allow-scripts\" security=\"restricted\" style=\"position: absolute; clip: rect(1px, 1px, 1px, 1px);\" title=\"&#8220;Disciplina de Cinema Japon\u00eas 2&#8221; &#8212; Curso de Letras - Japon\u00eas\" src=\"https:\/\/letrasjapones.ufpr.br\/?p=109&#038;embed=true#?secret=Gxd6DPzue9#?secret=qJzdHnVtF7\" data-secret=\"qJzdHnVtF7\" width=\"500\" height=\"282\" frameborder=\"0\" marginwidth=\"0\" marginheight=\"0\" scrolling=\"no\"><\/iframe><\/p>\n\n\n<h2 class=\"wp-block-heading\">Recep\u00e7\u00e3o aos calouros de Letras-Japon\u00eas &#8211; 2024 <\/h2>\n\n\n\n<p>No dia 27 de mar\u00e7o, a Coordena\u00e7\u00e3o de \u00c1rea de Japon\u00eas deu as boas vindas aos calouros de Letras-Japon\u00eas, ingressantes no ano de 2024. <\/p>\n\n\n\n<p>Na ocasi\u00e3o, a Coordenadora do Japon\u00eas, Profa. Dra. M\u00e1rcia Namekata, juntamente dos Profs. Drs. Renan Hayashi e Jos\u00e9 Vanzelli, explicitou detalhes relativos aos cursos de Licenciatura e Bacharelado em Letras Japon\u00eas, apontando tamb\u00e9m Projetos de Pesquisa e Extens\u00e3o em L\u00edngua, Cultura e Literatura Japonesa. <\/p>\n\n\n\n<p>Os alunos e as alunas tiveram a oportunidade de tirar d\u00favidas e compartilhar suas expectativas quanto ao curso. <\/p>\n\n\n\n<p>A Coordena\u00e7\u00e3o do Japon\u00eas deseja a todos um \u00f3timo semestre e uma trajet\u00f3ria de muita aprendizagem. <\/p>\n\n\n\n<figure class=\"wp-block-image size-large\"><img decoding=\"async\" loading=\"lazy\" width=\"1024\" height=\"768\" src=\"https:\/\/letrasjapones.ufpr.br\/wp-content\/uploads\/2024\/03\/recepcao-aos-xalouros-1024x768.jpg\" alt=\"\" class=\"wp-image-200\" srcset=\"https:\/\/letrasjapones.ufpr.br\/wp-content\/uploads\/2024\/03\/recepcao-aos-xalouros-1024x768.jpg 1024w, https:\/\/letrasjapones.ufpr.br\/wp-content\/uploads\/2024\/03\/recepcao-aos-xalouros-300x225.jpg 300w, https:\/\/letrasjapones.ufpr.br\/wp-content\/uploads\/2024\/03\/recepcao-aos-xalouros-768x576.jpg 768w, https:\/\/letrasjapones.ufpr.br\/wp-content\/uploads\/2024\/03\/recepcao-aos-xalouros.jpg 1440w\" sizes=\"(max-width: 1024px) 100vw, 1024px\" \/><\/figure>\n","protected":false},"excerpt":{"rendered":"<p>Disciplina de Cinema Japon\u00eas 2 Recep\u00e7\u00e3o aos calouros de Letras-Japon\u00eas &#8211; 2024 No dia 27 de mar\u00e7o, a Coordena\u00e7\u00e3o de \u00c1rea de Japon\u00eas deu as boas vindas aos calouros de Letras-Japon\u00eas, ingressantes no ano de 2024. Na ocasi\u00e3o, a Coordenadora do Japon\u00eas, Profa. Dra. M\u00e1rcia Namekata, juntamente dos Profs. Drs. Renan Hayashi e Jos\u00e9 Vanzelli, [&hellip;]<\/p>\n","protected":false},"author":1,"featured_media":0,"parent":0,"menu_order":0,"comment_status":"closed","ping_status":"closed","template":"noticias.php","meta":{"footnotes":""},"_links":{"self":[{"href":"https:\/\/letrasjapones.ufpr.br\/index.php?rest_route=\/wp\/v2\/pages\/19"}],"collection":[{"href":"https:\/\/letrasjapones.ufpr.br\/index.php?rest_route=\/wp\/v2\/pages"}],"about":[{"href":"https:\/\/letrasjapones.ufpr.br\/index.php?rest_route=\/wp\/v2\/types\/page"}],"author":[{"embeddable":true,"href":"https:\/\/letrasjapones.ufpr.br\/index.php?rest_route=\/wp\/v2\/users\/1"}],"replies":[{"embeddable":true,"href":"https:\/\/letrasjapones.ufpr.br\/index.php?rest_route=%2Fwp%2Fv2%2Fcomments&post=19"}],"version-history":[{"count":3,"href":"https:\/\/letrasjapones.ufpr.br\/index.php?rest_route=\/wp\/v2\/pages\/19\/revisions"}],"predecessor-version":[{"id":201,"href":"https:\/\/letrasjapones.ufpr.br\/index.php?rest_route=\/wp\/v2\/pages\/19\/revisions\/201"}],"wp:attachment":[{"href":"https:\/\/letrasjapones.ufpr.br\/index.php?rest_route=%2Fwp%2Fv2%2Fmedia&parent=19"}],"curies":[{"name":"wp","href":"https:\/\/api.w.org\/{rel}","templated":true}]}}